{"id":2506,"date":"2023-02-01T16:01:42","date_gmt":"2023-02-01T15:01:42","guid":{"rendered":"https:\/\/letempledesessences.com\/?post_type=product&#038;p=2506"},"modified":"2024-09-24T11:06:56","modified_gmt":"2024-09-24T09:06:56","slug":"3-aromatic-blends-and-digital-recipe-book-package","status":"publish","type":"product","link":"https:\/\/letempledesessences.com\/en\/produit\/3-aromatic-blends-and-digital-recipe-book-package\/","title":{"rendered":"3 aromatic blends and digital recipe book&#8221; package"},"content":{"rendered":"<p>Le temple des Essences, votre cabinet de naturopathie et d\u2019aromath\u00e9rapie \u00e0 Metz, Luxembourg, et Nancy vous pr\u00e9sente un indispensable \u00e0 toute cuisine, nos trois m\u00e9langes \u2013 italien, mexicain et tropical.<\/p>\n<p>Vous b\u00e9n\u00e9ficierez \u00e9galement de notre livre num\u00e9rique de cuisine \u00ab Voyage aromatique autour du monde \u00bb pour apprendre de nouvelles recettes aux huiles essentielles 100% naturelles et s\u00e9curitaires.<\/p>\n<p>Le Temple des Essences vous emm\u00e8ne dans un voyage culinaire autour du monde pour r\u00e9aliser des recettes sublim\u00e9es gr\u00e2ce aux huiles essentielles. Belle d\u00e9gustation .<\/p>\n<p>&nbsp;<\/p>\n<p><strong>INSTRUCTIONS<\/strong><\/p>\n<p><strong>Usage interne<\/strong> : Diluer une goutte dans 120 ml de liquide ou combiner avec des sauces, des p\u00e2tisseries, des marinades et plus encore.<\/p>\n<p>Ingr\u00e9dients du m\u00e9lange de cuisine italienne : Huile d\u2019olive, huile de thym, huile de romarin, huile de basilic, huile de marjolaine, huile d\u2019origan<\/p>\n<p>Ingr\u00e9dients du m\u00e9lange de cuisine tropicale : Huile de coco, huile d\u2019orange, huile de citron, huile de citron vert, huile de pamplemousse, huile de mandarine verte, huile de bergamote, huile de yuzu, huile d\u2019ylang ylang<\/p>\n<p>Ingr\u00e9dients du m\u00e9lange de cuisine mexicaine : Huile d\u2019avocat, huile de citron vert, huile de cumin, huile de poivre noir, huile de coriandre, huile de marjolaine<\/p>\n","protected":false},"excerpt":{"rendered":"<p>Take advantage of an offer combining the essential culinary trio (Indispensable in any kitchen, with blends &#8211; Italian, Mexican and tropical) and the physics Paperback recipe book &#8220;Aromatic Journey Around the World&#8221;.<\/p>\n","protected":false},"featured_media":2340,"comment_status":"open","ping_status":"closed","template":"","meta":{"_acf_changed":false},"product_brand":[],"product_cat":[53,55],"product_tag":[],"class_list":{"0":"post-2506","1":"product","2":"type-product","3":"status-publish","4":"has-post-thumbnail","6":"product_cat-essential-oils","7":"product_cat-the-books","9":"first","10":"instock","11":"taxable","12":"shipping-taxable","13":"purchasable","14":"product-type-simple"},"acf":[],"yoast_head":"<!-- This site is optimized with the Yoast SEO plugin v25.7 - https:\/\/yoast.com\/wordpress\/plugins\/seo\/ -->\n<title>3 aromatic blends and digital recipe book&quot; package - Le temple des essences<\/title>\n<meta name=\"robots\" content=\"index, follow, max-snippet:-1, max-image-preview:large, max-video-preview:-1\" \/>\n<link rel=\"canonical\" href=\"https:\/\/letempledesessences.com\/en\/produit\/3-aromatic-blends-and-digital-recipe-book-package\/\" \/>\n<meta property=\"og:locale\" content=\"en_US\" \/>\n<meta property=\"og:type\" content=\"article\" \/>\n<meta property=\"og:title\" content=\"3 aromatic blends and digital recipe book&quot; package - Le temple des essences\" \/>\n<meta property=\"og:description\" content=\"Take advantage of an offer combining the essential culinary trio (Indispensable in any kitchen, with blends - Italian, Mexican and tropical) and the physics Paperback recipe book &quot;Aromatic Journey Around the World&quot;.\" \/>\n<meta property=\"og:url\" content=\"https:\/\/letempledesessences.com\/en\/produit\/3-aromatic-blends-and-digital-recipe-book-package\/\" \/>\n<meta property=\"og:site_name\" content=\"Le temple des essences\" \/>\n<meta property=\"article:modified_time\" content=\"2024-09-24T09:06:56+00:00\" \/>\n<meta property=\"og:image\" content=\"https:\/\/letempledesessences.com\/wp-content\/uploads\/2023\/02\/le-temple-des-essences-atelier-entreprise-Kit-cuisine.jpg\" \/>\n\t<meta property=\"og:image:width\" content=\"1707\" \/>\n\t<meta property=\"og:image:height\" content=\"2560\" \/>\n\t<meta property=\"og:image:type\" content=\"image\/jpeg\" \/>\n<meta name=\"twitter:card\" content=\"summary_large_image\" \/>\n<meta name=\"twitter:label1\" content=\"Est. reading time\" \/>\n\t<meta name=\"twitter:data1\" content=\"1 minute\" \/>\n<script type=\"application\/ld+json\" class=\"yoast-schema-graph\">{\"@context\":\"https:\/\/schema.org\",\"@graph\":[{\"@type\":\"WebPage\",\"@id\":\"https:\/\/letempledesessences.com\/en\/produit\/3-aromatic-blends-and-digital-recipe-book-package\/\",\"url\":\"https:\/\/letempledesessences.com\/en\/produit\/3-aromatic-blends-and-digital-recipe-book-package\/\",\"name\":\"3 aromatic blends and digital recipe book\\\" package - Le temple des essences\",\"isPartOf\":{\"@id\":\"https:\/\/letempledesessences.com\/#website\"},\"primaryImageOfPage\":{\"@id\":\"https:\/\/letempledesessences.com\/en\/produit\/3-aromatic-blends-and-digital-recipe-book-package\/#primaryimage\"},\"image\":{\"@id\":\"https:\/\/letempledesessences.com\/en\/produit\/3-aromatic-blends-and-digital-recipe-book-package\/#primaryimage\"},\"thumbnailUrl\":\"https:\/\/letempledesessences.com\/wp-content\/uploads\/2023\/02\/le-temple-des-essences-atelier-entreprise-Kit-cuisine.jpg\",\"datePublished\":\"2023-02-01T15:01:42+00:00\",\"dateModified\":\"2024-09-24T09:06:56+00:00\",\"breadcrumb\":{\"@id\":\"https:\/\/letempledesessences.com\/en\/produit\/3-aromatic-blends-and-digital-recipe-book-package\/#breadcrumb\"},\"inLanguage\":\"en-US\",\"potentialAction\":[{\"@type\":\"ReadAction\",\"target\":[\"https:\/\/letempledesessences.com\/en\/produit\/3-aromatic-blends-and-digital-recipe-book-package\/\"]}]},{\"@type\":\"ImageObject\",\"inLanguage\":\"en-US\",\"@id\":\"https:\/\/letempledesessences.com\/en\/produit\/3-aromatic-blends-and-digital-recipe-book-package\/#primaryimage\",\"url\":\"https:\/\/letempledesessences.com\/wp-content\/uploads\/2023\/02\/le-temple-des-essences-atelier-entreprise-Kit-cuisine.jpg\",\"contentUrl\":\"https:\/\/letempledesessences.com\/wp-content\/uploads\/2023\/02\/le-temple-des-essences-atelier-entreprise-Kit-cuisine.jpg\",\"width\":1707,\"height\":2560},{\"@type\":\"BreadcrumbList\",\"@id\":\"https:\/\/letempledesessences.com\/en\/produit\/3-aromatic-blends-and-digital-recipe-book-package\/#breadcrumb\",\"itemListElement\":[{\"@type\":\"ListItem\",\"position\":1,\"name\":\"Accueil\",\"item\":\"https:\/\/letempledesessences.com\/en\/\"},{\"@type\":\"ListItem\",\"position\":2,\"name\":\"Boutique Essentielle\",\"item\":\"https:\/\/letempledesessences.com\/boutique-essentielle\/\"},{\"@type\":\"ListItem\",\"position\":3,\"name\":\"3 aromatic blends and digital recipe book&#8221; package\"}]},{\"@type\":\"WebSite\",\"@id\":\"https:\/\/letempledesessences.com\/#website\",\"url\":\"https:\/\/letempledesessences.com\/\",\"name\":\"Le temple des essences\",\"description\":\"Cabinet naturopathie et aromath\u00e9rapie\",\"potentialAction\":[{\"@type\":\"SearchAction\",\"target\":{\"@type\":\"EntryPoint\",\"urlTemplate\":\"https:\/\/letempledesessences.com\/?s={search_term_string}\"},\"query-input\":{\"@type\":\"PropertyValueSpecification\",\"valueRequired\":true,\"valueName\":\"search_term_string\"}}],\"inLanguage\":\"en-US\"}]}<\/script>\n<!-- \/ Yoast SEO plugin. -->","yoast_head_json":{"title":"3 aromatic blends and digital recipe book\" package - Le temple des essences","robots":{"index":"index","follow":"follow","max-snippet":"max-snippet:-1","max-image-preview":"max-image-preview:large","max-video-preview":"max-video-preview:-1"},"canonical":"https:\/\/letempledesessences.com\/en\/produit\/3-aromatic-blends-and-digital-recipe-book-package\/","og_locale":"en_US","og_type":"article","og_title":"3 aromatic blends and digital recipe book\" package - Le temple des essences","og_description":"Take advantage of an offer combining the essential culinary trio (Indispensable in any kitchen, with blends - Italian, Mexican and tropical) and the physics Paperback recipe book \"Aromatic Journey Around the World\".","og_url":"https:\/\/letempledesessences.com\/en\/produit\/3-aromatic-blends-and-digital-recipe-book-package\/","og_site_name":"Le temple des essences","article_modified_time":"2024-09-24T09:06:56+00:00","og_image":[{"width":1707,"height":2560,"url":"https:\/\/letempledesessences.com\/wp-content\/uploads\/2023\/02\/le-temple-des-essences-atelier-entreprise-Kit-cuisine.jpg","type":"image\/jpeg"}],"twitter_card":"summary_large_image","twitter_misc":{"Est. reading time":"1 minute"},"schema":{"@context":"https:\/\/schema.org","@graph":[{"@type":"WebPage","@id":"https:\/\/letempledesessences.com\/en\/produit\/3-aromatic-blends-and-digital-recipe-book-package\/","url":"https:\/\/letempledesessences.com\/en\/produit\/3-aromatic-blends-and-digital-recipe-book-package\/","name":"3 aromatic blends and digital recipe book\" package - Le temple des essences","isPartOf":{"@id":"https:\/\/letempledesessences.com\/#website"},"primaryImageOfPage":{"@id":"https:\/\/letempledesessences.com\/en\/produit\/3-aromatic-blends-and-digital-recipe-book-package\/#primaryimage"},"image":{"@id":"https:\/\/letempledesessences.com\/en\/produit\/3-aromatic-blends-and-digital-recipe-book-package\/#primaryimage"},"thumbnailUrl":"https:\/\/letempledesessences.com\/wp-content\/uploads\/2023\/02\/le-temple-des-essences-atelier-entreprise-Kit-cuisine.jpg","datePublished":"2023-02-01T15:01:42+00:00","dateModified":"2024-09-24T09:06:56+00:00","breadcrumb":{"@id":"https:\/\/letempledesessences.com\/en\/produit\/3-aromatic-blends-and-digital-recipe-book-package\/#breadcrumb"},"inLanguage":"en-US","potentialAction":[{"@type":"ReadAction","target":["https:\/\/letempledesessences.com\/en\/produit\/3-aromatic-blends-and-digital-recipe-book-package\/"]}]},{"@type":"ImageObject","inLanguage":"en-US","@id":"https:\/\/letempledesessences.com\/en\/produit\/3-aromatic-blends-and-digital-recipe-book-package\/#primaryimage","url":"https:\/\/letempledesessences.com\/wp-content\/uploads\/2023\/02\/le-temple-des-essences-atelier-entreprise-Kit-cuisine.jpg","contentUrl":"https:\/\/letempledesessences.com\/wp-content\/uploads\/2023\/02\/le-temple-des-essences-atelier-entreprise-Kit-cuisine.jpg","width":1707,"height":2560},{"@type":"BreadcrumbList","@id":"https:\/\/letempledesessences.com\/en\/produit\/3-aromatic-blends-and-digital-recipe-book-package\/#breadcrumb","itemListElement":[{"@type":"ListItem","position":1,"name":"Accueil","item":"https:\/\/letempledesessences.com\/en\/"},{"@type":"ListItem","position":2,"name":"Boutique Essentielle","item":"https:\/\/letempledesessences.com\/boutique-essentielle\/"},{"@type":"ListItem","position":3,"name":"3 aromatic blends and digital recipe book&#8221; package"}]},{"@type":"WebSite","@id":"https:\/\/letempledesessences.com\/#website","url":"https:\/\/letempledesessences.com\/","name":"Le temple des essences","description":"Cabinet naturopathie et aromath\u00e9rapie","potentialAction":[{"@type":"SearchAction","target":{"@type":"EntryPoint","urlTemplate":"https:\/\/letempledesessences.com\/?s={search_term_string}"},"query-input":{"@type":"PropertyValueSpecification","valueRequired":true,"valueName":"search_term_string"}}],"inLanguage":"en-US"}]}},"_links":{"self":[{"href":"https:\/\/letempledesessences.com\/en\/wp-json\/wp\/v2\/product\/2506","targetHints":{"allow":["GET"]}}],"collection":[{"href":"https:\/\/letempledesessences.com\/en\/wp-json\/wp\/v2\/product"}],"about":[{"href":"https:\/\/letempledesessences.com\/en\/wp-json\/wp\/v2\/types\/product"}],"replies":[{"embeddable":true,"href":"https:\/\/letempledesessences.com\/en\/wp-json\/wp\/v2\/comments?post=2506"}],"wp:featuredmedia":[{"embeddable":true,"href":"https:\/\/letempledesessences.com\/en\/wp-json\/wp\/v2\/media\/2340"}],"wp:attachment":[{"href":"https:\/\/letempledesessences.com\/en\/wp-json\/wp\/v2\/media?parent=2506"}],"wp:term":[{"taxonomy":"product_brand","embeddable":true,"href":"https:\/\/letempledesessences.com\/en\/wp-json\/wp\/v2\/product_brand?post=2506"},{"taxonomy":"product_cat","embeddable":true,"href":"https:\/\/letempledesessences.com\/en\/wp-json\/wp\/v2\/product_cat?post=2506"},{"taxonomy":"product_tag","embeddable":true,"href":"https:\/\/letempledesessences.com\/en\/wp-json\/wp\/v2\/product_tag?post=2506"}],"curies":[{"name":"wp","href":"https:\/\/api.w.org\/{rel}","templated":true}]}}